{"id":1004,"date":"2021-02-16T15:59:05","date_gmt":"2021-02-16T15:59:05","guid":{"rendered":"https:\/\/awojciechowski.com.pl\/?page_id=1004"},"modified":"2022-05-24T10:48:31","modified_gmt":"2022-05-24T08:48:31","slug":"about","status":"publish","type":"page","link":"https:\/\/awojciechowski.com.pl\/?page_id=1004","title":{"rendered":"About"},"content":{"rendered":"\t\t<div data-elementor-type=\"wp-page\" data-elementor-id=\"1004\" class=\"elementor elementor-1004\">\n\t\t\t\t\t\t\t\t\t<section class=\"elementor-section elementor-top-section elementor-element elementor-element-f63e89b elementor-section-height-min-height elementor-section-boxed elementor-section-height-default elementor-section-items-middle\" data-id=\"f63e89b\" data-element_type=\"section\" data-settings=\"{&quot;background_background&quot;:&quot;classic&quot;}\">\n\t\t\t\t\t\t\t<div class=\"elementor-background-overlay\"><\/div>\n\t\t\t\t\t\t\t<div class=\"elementor-container elementor-column-gap-no\">\n\t\t\t\t\t<div class=\"elementor-column elementor-col-100 elementor-top-column elementor-element elementor-element-8a57722\" data-id=\"8a57722\" data-element_type=\"column\">\n\t\t\t<div class=\"elementor-widget-wrap elementor-element-populated\">\n\t\t\t\t\t\t\t\t<div class=\"elementor-element elementor-element-f1749d4 elementor-widget elementor-widget-heading\" data-id=\"f1749d4\" data-element_type=\"widget\" data-widget_type=\"heading.default\">\n\t\t\t\t<div class=\"elementor-widget-container\">\n\t\t\t<style>\/*! elementor - v3.11.1 - 15-02-2023 *\/\n.elementor-heading-title{padding:0;margin:0;line-height:1}.elementor-widget-heading .elementor-heading-title[class*=elementor-size-]>a{color:inherit;font-size:inherit;line-height:inherit}.elementor-widget-heading .elementor-heading-title.elementor-size-small{font-size:15px}.elementor-widget-heading .elementor-heading-title.elementor-size-medium{font-size:19px}.elementor-widget-heading .elementor-heading-title.elementor-size-large{font-size:29px}.elementor-widget-heading .elementor-heading-title.elementor-size-xl{font-size:39px}.elementor-widget-heading .elementor-heading-title.elementor-size-xxl{font-size:59px}<\/style><h1 class=\"elementor-heading-title elementor-size-default\">O mnie <\/h1>\t\t<\/div>\n\t\t\t\t<\/div>\n\t\t\t\t<div class=\"elementor-element elementor-element-9639831 elementor-widget__width-auto elementor-widget elementor-widget-text-editor\" data-id=\"9639831\" data-element_type=\"widget\" data-widget_type=\"text-editor.default\">\n\t\t\t\t<div class=\"elementor-widget-container\">\n\t\t\t<style>\/*! elementor - v3.11.1 - 15-02-2023 *\/\n.elementor-widget-text-editor.elementor-drop-cap-view-stacked .elementor-drop-cap{background-color:#818a91;color:#fff}.elementor-widget-text-editor.elementor-drop-cap-view-framed .elementor-drop-cap{color:#818a91;border:3px solid;background-color:transparent}.elementor-widget-text-editor:not(.elementor-drop-cap-view-default) .elementor-drop-cap{margin-top:8px}.elementor-widget-text-editor:not(.elementor-drop-cap-view-default) .elementor-drop-cap-letter{width:1em;height:1em}.elementor-widget-text-editor .elementor-drop-cap{float:left;text-align:center;line-height:1;font-size:50px}.elementor-widget-text-editor .elementor-drop-cap-letter{display:inline-block}<\/style>\t\t\t\t<p>W bran\u017cy finansowej jestem obecny od 16 lat. Biegle poruszam si\u0119 w \u015brodowisku bankowym i instytucji finansowych. Mia\u0142em okazj\u0119 doskonale pozna\u0107 praktyki bank\u00f3w, procesy kredytowe i produkty finansowe jako analityk kredytowy.<br \/><br \/>Moje do\u015bwiadczenie zar\u00f3wno od strony po\u015brednictwa kredytowego, procesu bankowego oraz rynku nieruchomo\u015bci przekazuje swoim Klientom, dzi\u0119ki czemu ca\u0142y proces finansowania przebiega bardzo sprawnie i unikaj\u0105 Pa\u0144stwo niepotrzebnych nerw\u00f3w, czy te\u017c straty czasu i pieni\u0119dzy. Moje us\u0142ugi z perspektywy Klienta s\u0105 bezp\u0142atne \u2013 wynagrodzeniem eksperta pokrywa zawsze bank, w kt\u00f3rym doprowadzam do satysfakcjonuj\u0105cego zako\u0144czenia procesu kredytowego.<br \/><br \/>W \u017cyciu zawodowym kieruj\u0119 si\u0119 zasad\u0105 transparentno\u015bci, otwarto\u015bci\u0105 i budowaniem d\u0142ugotrwa\u0142ych relacji z Klientem. Stawiam na indywidualne podej\u015bcie, co w moim przekonaniu jest kluczem do skutecznego prowadzenia procesu kredytowego.<br \/><br \/>O jako\u015bci mojej pracy mog\u0105 za\u015bwiadczy\u0107 opinie zadowolonych Klient\u00f3w.<\/p>\t\t\t\t\t\t<\/div>\n\t\t\t\t<\/div>\n\t\t\t\t\t<\/div>\n\t\t<\/div>\n\t\t\t\t\t\t\t<\/div>\n\t\t<\/section>\n\t\t\t\t<section class=\"elementor-section elementor-top-section elementor-element elementor-element-e3f1a62 elementor-section-boxed elementor-section-height-default elementor-section-height-default\" data-id=\"e3f1a62\" data-element_type=\"section\">\n\t\t\t\t\t\t<div class=\"elementor-container elementor-column-gap-no\">\n\t\t\t\t\t<div class=\"elementor-column elementor-col-100 elementor-top-column elementor-element elementor-element-5fdb3c5\" data-id=\"5fdb3c5\" data-element_type=\"column\">\n\t\t\t<div class=\"elementor-widget-wrap\">\n\t\t\t\t\t\t\t\t\t<\/div>\n\t\t<\/div>\n\t\t\t\t\t\t\t<\/div>\n\t\t<\/section>\n\t\t\t\t\t\t\t<\/div>\n\t\t","protected":false},"excerpt":{"rendered":"<p>O mnie W bran\u017cy finansowej jestem obecny od 16 lat. Biegle poruszam si\u0119 w \u015brodowisku bankowym i instytucji finansowych. Mia\u0142em okazj\u0119 doskonale pozna\u0107 praktyki bank\u00f3w, procesy kredytowe i produkty finansowe jako analityk kredytowy. Moje do\u015bwiadczenie zar\u00f3wno od strony po\u015brednictwa kredytowego, procesu bankowego oraz rynku nieruchomo\u015bci przekazuje swoim Klientom, dzi\u0119ki czemu ca\u0142y proces finansowania przebiega bardzo &hellip;<\/p>\n<p class=\"read-more\"> <a class=\"\" href=\"https:\/\/awojciechowski.com.pl\/?page_id=1004\"> <span class=\"screen-reader-text\">About<\/span> Read More &raquo;<\/a><\/p>\n","protected":false},"author":1,"featured_media":0,"parent":0,"menu_order":0,"comment_status":"closed","ping_status":"closed","template":"","meta":{"site-sidebar-layout":"no-sidebar","site-content-layout":"page-builder","ast-main-header-display":"","ast-hfb-above-header-display":"","ast-hfb-below-header-display":"","ast-hfb-mobile-header-display":"","site-post-title":"disabled","ast-breadcrumbs-content":"disabled","ast-featured-img":"disabled","footer-sml-layout":"","theme-transparent-header-meta":"disabled","adv-header-id-meta":"","stick-header-meta":"","header-above-stick-meta":"","header-main-stick-meta":"","header-below-stick-meta":"","footnotes":""},"class_list":["post-1004","page","type-page","status-publish","hentry"],"yoast_head":"<!-- This site is optimized with the Yoast SEO plugin v18.9 - https:\/\/yoast.com\/wordpress\/plugins\/seo\/ -->\n<title>About - Adam Wojciechowski - NIezale\u017cny Ekspert Kredytowy<\/title>\n<meta name=\"robots\" content=\"index, follow, max-snippet:-1, max-image-preview:large, max-video-preview:-1\" \/>\n<link rel=\"canonical\" href=\"https:\/\/awojciechowski.com.pl\/?page_id=1004\" \/>\n<meta property=\"og:locale\" content=\"pl_PL\" \/>\n<meta property=\"og:type\" content=\"article\" \/>\n<meta property=\"og:title\" content=\"About - Adam Wojciechowski - NIezale\u017cny Ekspert Kredytowy\" \/>\n<meta property=\"og:description\" content=\"O mnie W bran\u017cy finansowej jestem obecny od 16 lat. Biegle poruszam si\u0119 w \u015brodowisku bankowym i instytucji finansowych. Mia\u0142em okazj\u0119 doskonale pozna\u0107 praktyki bank\u00f3w, procesy kredytowe i produkty finansowe jako analityk kredytowy. Moje do\u015bwiadczenie zar\u00f3wno od strony po\u015brednictwa kredytowego, procesu bankowego oraz rynku nieruchomo\u015bci przekazuje swoim Klientom, dzi\u0119ki czemu ca\u0142y proces finansowania przebiega bardzo &hellip; About Read More &raquo;\" \/>\n<meta property=\"og:url\" content=\"https:\/\/awojciechowski.com.pl\/?page_id=1004\" \/>\n<meta property=\"og:site_name\" content=\"Adam Wojciechowski - NIezale\u017cny Ekspert Kredytowy\" \/>\n<meta property=\"article:modified_time\" content=\"2022-05-24T08:48:31+00:00\" \/>\n<meta name=\"twitter:card\" content=\"summary_large_image\" \/>\n<meta name=\"twitter:label1\" content=\"Szacowany czas czytania\" \/>\n\t<meta name=\"twitter:data1\" content=\"1 minuta\" \/>\n<script type=\"application\/ld+json\" class=\"yoast-schema-graph\">{\"@context\":\"https:\/\/schema.org\",\"@graph\":[{\"@type\":\"WebSite\",\"@id\":\"https:\/\/awojciechowski.com.pl\/#website\",\"url\":\"https:\/\/awojciechowski.com.pl\/\",\"name\":\"Adam Wojciechowski - NIezale\u017cny Ekspert Kredytowy\",\"description\":\"Niezale\u017cy Ekspert Kredytowy\",\"potentialAction\":[{\"@type\":\"SearchAction\",\"target\":{\"@type\":\"EntryPoint\",\"urlTemplate\":\"https:\/\/awojciechowski.com.pl\/?s={search_term_string}\"},\"query-input\":\"required name=search_term_string\"}],\"inLanguage\":\"pl-PL\"},{\"@type\":\"WebPage\",\"@id\":\"https:\/\/awojciechowski.com.pl\/?page_id=1004#webpage\",\"url\":\"https:\/\/awojciechowski.com.pl\/?page_id=1004\",\"name\":\"About - Adam Wojciechowski - NIezale\u017cny Ekspert Kredytowy\",\"isPartOf\":{\"@id\":\"https:\/\/awojciechowski.com.pl\/#website\"},\"datePublished\":\"2021-02-16T15:59:05+00:00\",\"dateModified\":\"2022-05-24T08:48:31+00:00\",\"breadcrumb\":{\"@id\":\"https:\/\/awojciechowski.com.pl\/?page_id=1004#breadcrumb\"},\"inLanguage\":\"pl-PL\",\"potentialAction\":[{\"@type\":\"ReadAction\",\"target\":[\"https:\/\/awojciechowski.com.pl\/?page_id=1004\"]}]},{\"@type\":\"BreadcrumbList\",\"@id\":\"https:\/\/awojciechowski.com.pl\/?page_id=1004#breadcrumb\",\"itemListElement\":[{\"@type\":\"ListItem\",\"position\":1,\"name\":\"Strona g\u0142\u00f3wna\",\"item\":\"https:\/\/awojciechowski.com.pl\/\"},{\"@type\":\"ListItem\",\"position\":2,\"name\":\"About\"}]}]}<\/script>\n<!-- \/ Yoast SEO plugin. -->","yoast_head_json":{"title":"About - Adam Wojciechowski - NIezale\u017cny Ekspert Kredytowy","robots":{"index":"index","follow":"follow","max-snippet":"max-snippet:-1","max-image-preview":"max-image-preview:large","max-video-preview":"max-video-preview:-1"},"canonical":"https:\/\/awojciechowski.com.pl\/?page_id=1004","og_locale":"pl_PL","og_type":"article","og_title":"About - Adam Wojciechowski - NIezale\u017cny Ekspert Kredytowy","og_description":"O mnie W bran\u017cy finansowej jestem obecny od 16 lat. Biegle poruszam si\u0119 w \u015brodowisku bankowym i instytucji finansowych. Mia\u0142em okazj\u0119 doskonale pozna\u0107 praktyki bank\u00f3w, procesy kredytowe i produkty finansowe jako analityk kredytowy. Moje do\u015bwiadczenie zar\u00f3wno od strony po\u015brednictwa kredytowego, procesu bankowego oraz rynku nieruchomo\u015bci przekazuje swoim Klientom, dzi\u0119ki czemu ca\u0142y proces finansowania przebiega bardzo &hellip; About Read More &raquo;","og_url":"https:\/\/awojciechowski.com.pl\/?page_id=1004","og_site_name":"Adam Wojciechowski - NIezale\u017cny Ekspert Kredytowy","article_modified_time":"2022-05-24T08:48:31+00:00","twitter_card":"summary_large_image","twitter_misc":{"Szacowany czas czytania":"1 minuta"},"schema":{"@context":"https:\/\/schema.org","@graph":[{"@type":"WebSite","@id":"https:\/\/awojciechowski.com.pl\/#website","url":"https:\/\/awojciechowski.com.pl\/","name":"Adam Wojciechowski - NIezale\u017cny Ekspert Kredytowy","description":"Niezale\u017cy Ekspert Kredytowy","potentialAction":[{"@type":"SearchAction","target":{"@type":"EntryPoint","urlTemplate":"https:\/\/awojciechowski.com.pl\/?s={search_term_string}"},"query-input":"required name=search_term_string"}],"inLanguage":"pl-PL"},{"@type":"WebPage","@id":"https:\/\/awojciechowski.com.pl\/?page_id=1004#webpage","url":"https:\/\/awojciechowski.com.pl\/?page_id=1004","name":"About - Adam Wojciechowski - NIezale\u017cny Ekspert Kredytowy","isPartOf":{"@id":"https:\/\/awojciechowski.com.pl\/#website"},"datePublished":"2021-02-16T15:59:05+00:00","dateModified":"2022-05-24T08:48:31+00:00","breadcrumb":{"@id":"https:\/\/awojciechowski.com.pl\/?page_id=1004#breadcrumb"},"inLanguage":"pl-PL","potentialAction":[{"@type":"ReadAction","target":["https:\/\/awojciechowski.com.pl\/?page_id=1004"]}]},{"@type":"BreadcrumbList","@id":"https:\/\/awojciechowski.com.pl\/?page_id=1004#breadcrumb","itemListElement":[{"@type":"ListItem","position":1,"name":"Strona g\u0142\u00f3wna","item":"https:\/\/awojciechowski.com.pl\/"},{"@type":"ListItem","position":2,"name":"About"}]}]}},"_links":{"self":[{"href":"https:\/\/awojciechowski.com.pl\/index.php?rest_route=\/wp\/v2\/pages\/1004","targetHints":{"allow":["GET"]}}],"collection":[{"href":"https:\/\/awojciechowski.com.pl\/index.php?rest_route=\/wp\/v2\/pages"}],"about":[{"href":"https:\/\/awojciechowski.com.pl\/index.php?rest_route=\/wp\/v2\/types\/page"}],"author":[{"embeddable":true,"href":"https:\/\/awojciechowski.com.pl\/index.php?rest_route=\/wp\/v2\/users\/1"}],"replies":[{"embeddable":true,"href":"https:\/\/awojciechowski.com.pl\/index.php?rest_route=%2Fwp%2Fv2%2Fcomments&post=1004"}],"version-history":[{"count":17,"href":"https:\/\/awojciechowski.com.pl\/index.php?rest_route=\/wp\/v2\/pages\/1004\/revisions"}],"predecessor-version":[{"id":1203,"href":"https:\/\/awojciechowski.com.pl\/index.php?rest_route=\/wp\/v2\/pages\/1004\/revisions\/1203"}],"wp:attachment":[{"href":"https:\/\/awojciechowski.com.pl\/index.php?rest_route=%2Fwp%2Fv2%2Fmedia&parent=1004"}],"curies":[{"name":"wp","href":"https:\/\/api.w.org\/{rel}","templated":true}]}}